{"id":7821103,"date":"2026-05-01T13:04:35","date_gmt":"2026-05-01T11:04:35","guid":{"rendered":"https:\/\/wildschuetz-muenchen.de\/shop\/product\/disney-stitch-stitch-geht-zelten-interakti\/"},"modified":"2026-05-01T13:04:43","modified_gmt":"2026-05-01T11:04:43","slug":"disney-stitch-stitch-geht-zelten-interakti","status":"publish","type":"product","link":"https:\/\/wildschuetz-muenchen.de\/shop\/product\/disney-stitch-stitch-geht-zelten-interakti\/","title":{"rendered":"Disney Stitch - Stitch geht zelten - Interakti..."},"content":{"rendered":"<p>Auf zum Zelten! Schnapp dir deine Taschenlampe und begleite Stitch, Lilo und Nani bei ihrem aufregenden Abenteuer im Wald. Mach dich bereit f\u00fcr jede Menge Glitzerspa\u00df und nat\u00fcrlich Chaos zusammen mit dem lustigen, aber tollpatschigen Stitch! Auf jeder Seite schimmert und glitzert es im Schein der Taschenlampe. Dazu spielt die Taschenlampe 5 tolle Sounds ab, die die Geschichte zum Leben erwecken. So kann das Buch von kleinen Lesern interaktiv erlebt werden. Dieses Soundbuch von PI Kids l\u00e4dt Kinder zum Mitlesen und Mitmachen ein und ist ein tolles Geschenk f\u00fcr M\u00e4dchen und Jungen ab drei Jahren.<\/p>\n<p><strong>Warnhinweis<\/strong>:<\/p>\n<p><strong>Hersteller<\/strong>:<\/p>\n<p>Phoenix International Pub.Germ.GmbH | Heimhuder St. 81 | 20148 | Hamburg | DE | sjung@phoenixinternational.com |<\/p>\n","protected":false},"excerpt":{"rendered":"<p>Auf zum Zelten! Schnapp dir deine Taschenlampe und begleite Stitch, Lilo und Nani bei ihrem aufregenden Abenteuer im Wald. Mach dich bereit f\u00fcr jede Menge Glitzerspa\u00df und nat\u00fcrlich Chaos zusammen mit dem lustigen, aber tollpatschigen Stitch! Auf jeder Seite schimmert und glitzert es im Schein der Taschenlampe. Dazu spielt die Taschenlampe 5 tolle Sounds ab, [&hellip;]<\/p>\n","protected":false},"featured_media":7825246,"template":"","meta":{"_acf_changed":false,"iawp_total_views":0},"product_cat":[1053,47],"product_tag":[210,231],"class_list":{"0":"post-7821103","1":"product","2":"type-product","3":"status-publish","4":"has-post-thumbnail","6":"product_cat-kinder-und-jugendbuecher","7":"product_cat-buch","8":"product_tag-210","9":"product_tag-buch","11":"first","12":"onbackorder","13":"taxable","14":"shipping-taxable","15":"product-type-simple"},"acf":[],"jetpack_sharing_enabled":true,"_links":{"self":[{"href":"https:\/\/wildschuetz-muenchen.de\/shop\/wp-json\/wp\/v2\/product\/7821103"}],"collection":[{"href":"https:\/\/wildschuetz-muenchen.de\/shop\/wp-json\/wp\/v2\/product"}],"about":[{"href":"https:\/\/wildschuetz-muenchen.de\/shop\/wp-json\/wp\/v2\/types\/product"}],"wp:featuredmedia":[{"embeddable":true,"href":"https:\/\/wildschuetz-muenchen.de\/shop\/wp-json\/wp\/v2\/media\/7825246"}],"wp:attachment":[{"href":"https:\/\/wildschuetz-muenchen.de\/shop\/wp-json\/wp\/v2\/media?parent=7821103"}],"wp:term":[{"taxonomy":"product_cat","embeddable":true,"href":"https:\/\/wildschuetz-muenchen.de\/shop\/wp-json\/wp\/v2\/product_cat?post=7821103"},{"taxonomy":"product_tag","embeddable":true,"href":"https:\/\/wildschuetz-muenchen.de\/shop\/wp-json\/wp\/v2\/product_tag?post=7821103"}],"curies":[{"name":"wp","href":"https:\/\/api.w.org\/{rel}","templated":true}]}}