{"id":7763494,"date":"2026-05-01T15:36:35","date_gmt":"2026-05-01T13:36:35","guid":{"rendered":"https:\/\/wildschuetz-muenchen.de\/shop\/product\/frohe-ostern-liebe-tiere-fuehlen-und-kuscheln\/"},"modified":"2026-05-01T15:36:43","modified_gmt":"2026-05-01T13:36:43","slug":"frohe-ostern-liebe-tiere-fuehlen-und-kuscheln","status":"publish","type":"product","link":"https:\/\/wildschuetz-muenchen.de\/shop\/product\/frohe-ostern-liebe-tiere-fuehlen-und-kuscheln\/","title":{"rendered":"Frohe Ostern liebe Tiere - F\u00fchlen und Kuscheln"},"content":{"rendered":"<p>Die Waldtiere feiern Ostern! Dieses liebevoll illustrierte F\u00fchlbuch begleitet schon die Kleinsten mit lustigen Reimen und viel Vorfreude durch die Fr\u00fchlingszeit. Die F\u00fchlelemente auf jeder Seite laden zum Anfassen, Entdecken und Staunen ein. Der optimale Begleiter zum gemeinsamen Vorlesen und Kuscheln!<\/p>\n<p><strong>Warnhinweis<\/strong>:<\/p>\n<p>N<\/p>\n<p><strong>Hersteller<\/strong>:<\/p>\n<p>Tr\u00f6tsch Velrag GmbH & Co.KG | Geschwister-Scholl-Str. 11 | 15537 | Gosen-Neu Zittau OT Neu Zittau | DE | www.troetsch.de | info@troetsch.de<\/p>\n","protected":false},"excerpt":{"rendered":"<p>Die Waldtiere feiern Ostern! Dieses liebevoll illustrierte F\u00fchlbuch begleitet schon die Kleinsten mit lustigen Reimen und viel Vorfreude durch die Fr\u00fchlingszeit. Die F\u00fchlelemente auf jeder Seite laden zum Anfassen, Entdecken und Staunen ein. Der optimale Begleiter zum gemeinsamen Vorlesen und Kuscheln! Warnhinweis: N Hersteller: Tr\u00f6tsch Velrag GmbH &#038; Co.KG | Geschwister-Scholl-Str. 11 | 15537 | [&hellip;]<\/p>\n","protected":false},"featured_media":7763495,"template":"","meta":{"_acf_changed":false,"iawp_total_views":0},"product_cat":[1053,47],"product_tag":[231],"class_list":{"0":"post-7763494","1":"product","2":"type-product","3":"status-publish","4":"has-post-thumbnail","6":"product_cat-kinder-und-jugendbuecher","7":"product_cat-buch","8":"product_tag-buch","10":"first","11":"onbackorder","12":"taxable","13":"shipping-taxable","14":"product-type-simple"},"acf":[],"jetpack_sharing_enabled":true,"_links":{"self":[{"href":"https:\/\/wildschuetz-muenchen.de\/shop\/wp-json\/wp\/v2\/product\/7763494"}],"collection":[{"href":"https:\/\/wildschuetz-muenchen.de\/shop\/wp-json\/wp\/v2\/product"}],"about":[{"href":"https:\/\/wildschuetz-muenchen.de\/shop\/wp-json\/wp\/v2\/types\/product"}],"wp:featuredmedia":[{"embeddable":true,"href":"https:\/\/wildschuetz-muenchen.de\/shop\/wp-json\/wp\/v2\/media\/7763495"}],"wp:attachment":[{"href":"https:\/\/wildschuetz-muenchen.de\/shop\/wp-json\/wp\/v2\/media?parent=7763494"}],"wp:term":[{"taxonomy":"product_cat","embeddable":true,"href":"https:\/\/wildschuetz-muenchen.de\/shop\/wp-json\/wp\/v2\/product_cat?post=7763494"},{"taxonomy":"product_tag","embeddable":true,"href":"https:\/\/wildschuetz-muenchen.de\/shop\/wp-json\/wp\/v2\/product_tag?post=7763494"}],"curies":[{"name":"wp","href":"https:\/\/api.w.org\/{rel}","templated":true}]}}