{"id":7763409,"date":"2026-05-01T15:36:35","date_gmt":"2026-05-01T13:36:35","guid":{"rendered":"https:\/\/wildschuetz-muenchen.de\/shop\/product\/das-grosse-buch-der-naturgeschichten\/"},"modified":"2026-05-01T15:36:41","modified_gmt":"2026-05-01T13:36:41","slug":"das-grosse-buch-der-naturgeschichten","status":"publish","type":"product","link":"https:\/\/wildschuetz-muenchen.de\/shop\/product\/das-grosse-buch-der-naturgeschichten\/","title":{"rendered":"Das gro\u00dfe Buch der Naturgeschichten"},"content":{"rendered":"<p>Dieser sch\u00f6n Schmuckband h\u00e4lt f\u00fcr jeden Monat eine neue traumhaft sch\u00f6ne Geschichte zum Einkuscheln und Vorlesen bereit! Der Kreislauf des Lebens auf unserer Erde steckt voller Wunder \u0096 gro\u00dfen und kleinen. Komm mit auf eine spannende Reise durch ein Jahr in der Natur und begleite einen mutigen Regentropfen, eine weise Eule, einen neugierigen B\u00e4ren und noch viele mehr beim Abenteuer Leben.<\/p>\n<p><strong>Warnhinweis<\/strong>:<\/p>\n<p>N<\/p>\n<p><strong>Hersteller<\/strong>:<\/p>\n<p>Tr\u00f6tsch Velrag GmbH & Co.KG | Geschwister-Scholl-Str. 11 | 15537 | Gosen-Neu Zittau OT Neu Zittau | DE | www.troetsch.de | info@troetsch.de<\/p>\n","protected":false},"excerpt":{"rendered":"<p>Dieser sch\u00f6n Schmuckband h\u00e4lt f\u00fcr jeden Monat eine neue traumhaft sch\u00f6ne Geschichte zum Einkuscheln und Vorlesen bereit! Der Kreislauf des Lebens auf unserer Erde steckt voller Wunder \u0096 gro\u00dfen und kleinen. Komm mit auf eine spannende Reise durch ein Jahr in der Natur und begleite einen mutigen Regentropfen, eine weise Eule, einen neugierigen B\u00e4ren und [&hellip;]<\/p>\n","protected":false},"featured_media":7763410,"template":"","meta":{"_acf_changed":false,"iawp_total_views":0},"product_cat":[1053,47],"product_tag":[215,231],"class_list":{"0":"post-7763409","1":"product","2":"type-product","3":"status-publish","4":"has-post-thumbnail","6":"product_cat-kinder-und-jugendbuecher","7":"product_cat-buch","8":"product_tag-215","9":"product_tag-buch","11":"first","12":"onbackorder","13":"taxable","14":"shipping-taxable","15":"product-type-simple"},"acf":[],"jetpack_sharing_enabled":true,"_links":{"self":[{"href":"https:\/\/wildschuetz-muenchen.de\/shop\/wp-json\/wp\/v2\/product\/7763409"}],"collection":[{"href":"https:\/\/wildschuetz-muenchen.de\/shop\/wp-json\/wp\/v2\/product"}],"about":[{"href":"https:\/\/wildschuetz-muenchen.de\/shop\/wp-json\/wp\/v2\/types\/product"}],"wp:featuredmedia":[{"embeddable":true,"href":"https:\/\/wildschuetz-muenchen.de\/shop\/wp-json\/wp\/v2\/media\/7763410"}],"wp:attachment":[{"href":"https:\/\/wildschuetz-muenchen.de\/shop\/wp-json\/wp\/v2\/media?parent=7763409"}],"wp:term":[{"taxonomy":"product_cat","embeddable":true,"href":"https:\/\/wildschuetz-muenchen.de\/shop\/wp-json\/wp\/v2\/product_cat?post=7763409"},{"taxonomy":"product_tag","embeddable":true,"href":"https:\/\/wildschuetz-muenchen.de\/shop\/wp-json\/wp\/v2\/product_tag?post=7763409"}],"curies":[{"name":"wp","href":"https:\/\/api.w.org\/{rel}","templated":true}]}}