{"id":7719332,"date":"2026-05-01T17:25:59","date_gmt":"2026-05-01T15:25:59","guid":{"rendered":"https:\/\/wildschuetz-muenchen.de\/shop\/product\/lilly-und-die-kaengurus\/"},"modified":"2026-05-01T17:26:06","modified_gmt":"2026-05-01T15:26:06","slug":"lilly-und-die-kaengurus","status":"publish","type":"product","link":"https:\/\/wildschuetz-muenchen.de\/shop\/product\/lilly-und-die-kaengurus\/","title":{"rendered":"Lilly und die K\u00e4ngurus"},"content":{"rendered":"<p>Die 11-j\u00e4hrige Lilly lebt in einem kleinen Ort im australischen Outback. Eines Tages sieht sie, wie der TV-Wettermoderator Chris Masterman, dessen gute Tage schon etwas zur\u00fcckliegen, auf der Durchreise durch eine Unachtsamkeit ein K\u00e4nguru-Junges anf\u00e4hrt. Lilly hilft ihm, das Tier zu retten und aus der ungew\u00f6hnlichen Begegnung entsteht eine besondere Freundschaft. Bei dem Versuch, weitere K\u00e4nguru-Junge zu retten, beginnt f\u00fcr beide ein aufregendes Abenteuer...<\/p>\n<p><em>Basierend auf der wahren Geschichte von Chris 'Brolga' Barns, der in S\u00fcdaustralien eine Schutzstation f\u00fcr verwaiste K\u00e4ngurus aufgebaut hat, ist LILLY UND DIE K\u00c4NGURUS eine herzerw\u00e4rmende Familienkom\u00f6die, bei der Kate Woods Regie f\u00fchrte. Vor der traumhaften Kulisse Australiens brillieren Ryan Corr und Newcomerin Lily Whiteley in dem opulent gefilmten, spannenden Familienfilm, in dem eine Teenagerin f\u00fcr ihre \u00dcberzeugungen einstehen muss, um mit Herz und Mut das Leben verwaister K\u00e4ngurubabys zu sch\u00fctzen.<\/em><\/p>\n<p><strong>Warnhinweis<\/strong>:<\/p>\n<p><strong>Hersteller<\/strong>:<\/p>\n<p>STUDIOCANAL GmbH | Neue Promenade 4 | 10178 | Berlin | DE | info@studiocanal.de |<\/p>\n","protected":false},"excerpt":{"rendered":"<p>Die 11-j\u00e4hrige Lilly lebt in einem kleinen Ort im australischen Outback. Eines Tages sieht sie, wie der TV-Wettermoderator Chris Masterman, dessen gute Tage schon etwas zur\u00fcckliegen, auf der Durchreise durch eine Unachtsamkeit ein K\u00e4nguru-Junges anf\u00e4hrt. Lilly hilft ihm, das Tier zu retten und aus der ungew\u00f6hnlichen Begegnung entsteht eine besondere Freundschaft. Bei dem Versuch, weitere [&hellip;]<\/p>\n","protected":false},"featured_media":7719333,"template":"","meta":{"_acf_changed":false,"iawp_total_views":0},"product_cat":[255,986],"product_tag":[256],"class_list":{"0":"post-7719332","1":"product","2":"type-product","3":"status-publish","4":"has-post-thumbnail","6":"product_cat-bd","7":"product_cat-kinderfilm","8":"product_tag-bd","10":"first","11":"onbackorder","12":"taxable","13":"shipping-taxable","14":"product-type-simple"},"acf":[],"jetpack_sharing_enabled":true,"_links":{"self":[{"href":"https:\/\/wildschuetz-muenchen.de\/shop\/wp-json\/wp\/v2\/product\/7719332"}],"collection":[{"href":"https:\/\/wildschuetz-muenchen.de\/shop\/wp-json\/wp\/v2\/product"}],"about":[{"href":"https:\/\/wildschuetz-muenchen.de\/shop\/wp-json\/wp\/v2\/types\/product"}],"wp:featuredmedia":[{"embeddable":true,"href":"https:\/\/wildschuetz-muenchen.de\/shop\/wp-json\/wp\/v2\/media\/7719333"}],"wp:attachment":[{"href":"https:\/\/wildschuetz-muenchen.de\/shop\/wp-json\/wp\/v2\/media?parent=7719332"}],"wp:term":[{"taxonomy":"product_cat","embeddable":true,"href":"https:\/\/wildschuetz-muenchen.de\/shop\/wp-json\/wp\/v2\/product_cat?post=7719332"},{"taxonomy":"product_tag","embeddable":true,"href":"https:\/\/wildschuetz-muenchen.de\/shop\/wp-json\/wp\/v2\/product_tag?post=7719332"}],"curies":[{"name":"wp","href":"https:\/\/api.w.org\/{rel}","templated":true}]}}