{"id":7719266,"date":"2026-05-01T17:25:59","date_gmt":"2026-05-01T15:25:59","guid":{"rendered":"https:\/\/wildschuetz-muenchen.de\/shop\/product\/murder-in-the-first-lebenslang-in-alcatraz-4k-uhdblu-ra\/"},"modified":"2026-05-01T17:26:04","modified_gmt":"2026-05-01T15:26:04","slug":"murder-in-the-first-lebenslang-in-alcatraz-4k-uhdblu-ra","status":"publish","type":"product","link":"https:\/\/wildschuetz-muenchen.de\/shop\/product\/murder-in-the-first-lebenslang-in-alcatraz-4k-uhdblu-ra\/","title":{"rendered":"Murder in the First - Lebenslang in Alcatraz (4K-UHD+Blu-ra"},"content":{"rendered":"<p>Der mittellose Henri wird wegen des Diebstahls von gerade einmal f\u00fcnf Dollar in das ber\u00fcchtigte Gef\u00e4ngnis Alcatraz gebracht, in dem der sadistische Direktor Milton Glenn mit brutalen Methoden herrscht. Als der physisch und psychisch von Folter gezeichnete Henri einen verr\u00e4terischen Mitinsassen umbringt, wird er des Mordes angeklagt. Sein engagierter Pflichtverteidiger James Stamphill nutzt den Prozess daraufhin, um \u00f6ffentlichkeitswirksam gegen die Haftanstalt vorzugehen.<\/p>\n<p><em>In seinem von wahren Begebenheiten inspirierten Justizdrama zeigt Regisseur Marc Rocco den grausamen Gef\u00e4ngnisalltag so schonungslos wie packend. Daf\u00fcr erhielt er u. a. den Menschenrechtspreis der Political Film Society und das Pr\u00e4dikat \u00bbbesonders wertvoll\u00ab.<\/em><\/p>\n<p><strong>Warnhinweis<\/strong>:<\/p>\n<p><strong>Hersteller<\/strong>:<\/p>\n<p>STUDIOCANAL GmbH | Neue Promenade 4 | 10178 | Berlin | DE | info@studiocanal.de |<\/p>\n","protected":false},"excerpt":{"rendered":"<p>Der mittellose Henri wird wegen des Diebstahls von gerade einmal f\u00fcnf Dollar in das ber\u00fcchtigte Gef\u00e4ngnis Alcatraz gebracht, in dem der sadistische Direktor Milton Glenn mit brutalen Methoden herrscht. Als der physisch und psychisch von Folter gezeichnete Henri einen verr\u00e4terischen Mitinsassen umbringt, wird er des Mordes angeklagt. Sein engagierter Pflichtverteidiger James Stamphill nutzt den Prozess [&hellip;]<\/p>\n","protected":false},"featured_media":7719267,"template":"","meta":{"_acf_changed":false,"iawp_total_views":0},"product_cat":[255,974],"product_tag":[256],"class_list":{"0":"post-7719266","1":"product","2":"type-product","3":"status-publish","4":"has-post-thumbnail","6":"product_cat-bd","7":"product_cat-drama","8":"product_tag-bd","10":"first","11":"onbackorder","12":"taxable","13":"shipping-taxable","14":"product-type-simple"},"acf":[],"jetpack_sharing_enabled":true,"_links":{"self":[{"href":"https:\/\/wildschuetz-muenchen.de\/shop\/wp-json\/wp\/v2\/product\/7719266"}],"collection":[{"href":"https:\/\/wildschuetz-muenchen.de\/shop\/wp-json\/wp\/v2\/product"}],"about":[{"href":"https:\/\/wildschuetz-muenchen.de\/shop\/wp-json\/wp\/v2\/types\/product"}],"wp:featuredmedia":[{"embeddable":true,"href":"https:\/\/wildschuetz-muenchen.de\/shop\/wp-json\/wp\/v2\/media\/7719267"}],"wp:attachment":[{"href":"https:\/\/wildschuetz-muenchen.de\/shop\/wp-json\/wp\/v2\/media?parent=7719266"}],"wp:term":[{"taxonomy":"product_cat","embeddable":true,"href":"https:\/\/wildschuetz-muenchen.de\/shop\/wp-json\/wp\/v2\/product_cat?post=7719266"},{"taxonomy":"product_tag","embeddable":true,"href":"https:\/\/wildschuetz-muenchen.de\/shop\/wp-json\/wp\/v2\/product_tag?post=7719266"}],"curies":[{"name":"wp","href":"https:\/\/api.w.org\/{rel}","templated":true}]}}