{"id":7701355,"date":"2026-05-01T17:25:52","date_gmt":"2026-05-01T15:25:52","guid":{"rendered":"https:\/\/wildschuetz-muenchen.de\/shop\/product\/the-returned-gesamtedition-4-blu-rays\/"},"modified":"2026-05-01T17:25:58","modified_gmt":"2026-05-01T15:25:58","slug":"the-returned-gesamtedition-4-blu-rays","status":"publish","type":"product","link":"https:\/\/wildschuetz-muenchen.de\/shop\/product\/the-returned-gesamtedition-4-blu-rays\/","title":{"rendered":"The Returned - Gesamtedition (4 Blu-rays)"},"content":{"rendered":"<p>In einem kleinen franz\u00f6sischen Bergdorf kehren vor Jahren verstorbene Menschen nach Hause zur\u00fcck. Optisch unver\u00e4ndert und ohne Erinnerung an ihren Tod fordern sie ihren Platz in der Welt der Lebenden ein. Doch ihr Erscheinen ist zugleich Vorbote schrecklicher Ereignisse, die in einer grausamen Mordserie gipfeln. Das franz\u00f6sische Mystery-Serienhighlight jetzt als Gesamtedition!<\/p>\n<p><strong>Warnhinweis<\/strong>:<\/p>\n<p><strong>Hersteller<\/strong>:<\/p>\n<p>STUDIOCANAL GmbH | Neue Promenade 4 | 10178 | Berlin | DE | info@studiocanal.de |<\/p>\n","protected":false},"excerpt":{"rendered":"<p>In einem kleinen franz\u00f6sischen Bergdorf kehren vor Jahren verstorbene Menschen nach Hause zur\u00fcck. Optisch unver\u00e4ndert und ohne Erinnerung an ihren Tod fordern sie ihren Platz in der Welt der Lebenden ein. Doch ihr Erscheinen ist zugleich Vorbote schrecklicher Ereignisse, die in einer grausamen Mordserie gipfeln. Das franz\u00f6sische Mystery-Serienhighlight jetzt als Gesamtedition! Warnhinweis: Hersteller: STUDIOCANAL GmbH [&hellip;]<\/p>\n","protected":false},"featured_media":7701356,"template":"","meta":{"_acf_changed":false,"iawp_total_views":0},"product_cat":[255,1047],"product_tag":[256],"class_list":{"0":"post-7701355","1":"product","2":"type-product","3":"status-publish","4":"has-post-thumbnail","6":"product_cat-bd","7":"product_cat-serie-bd","8":"product_tag-bd","10":"first","11":"onbackorder","12":"taxable","13":"shipping-taxable","14":"product-type-simple"},"acf":[],"jetpack_sharing_enabled":true,"_links":{"self":[{"href":"https:\/\/wildschuetz-muenchen.de\/shop\/wp-json\/wp\/v2\/product\/7701355"}],"collection":[{"href":"https:\/\/wildschuetz-muenchen.de\/shop\/wp-json\/wp\/v2\/product"}],"about":[{"href":"https:\/\/wildschuetz-muenchen.de\/shop\/wp-json\/wp\/v2\/types\/product"}],"wp:featuredmedia":[{"embeddable":true,"href":"https:\/\/wildschuetz-muenchen.de\/shop\/wp-json\/wp\/v2\/media\/7701356"}],"wp:attachment":[{"href":"https:\/\/wildschuetz-muenchen.de\/shop\/wp-json\/wp\/v2\/media?parent=7701355"}],"wp:term":[{"taxonomy":"product_cat","embeddable":true,"href":"https:\/\/wildschuetz-muenchen.de\/shop\/wp-json\/wp\/v2\/product_cat?post=7701355"},{"taxonomy":"product_tag","embeddable":true,"href":"https:\/\/wildschuetz-muenchen.de\/shop\/wp-json\/wp\/v2\/product_tag?post=7701355"}],"curies":[{"name":"wp","href":"https:\/\/api.w.org\/{rel}","templated":true}]}}